{"id":2069,"date":"2019-04-24T10:50:33","date_gmt":"2019-04-24T10:50:33","guid":{"rendered":"https:\/\/notfall-symposium.de\/?page_id=2069"},"modified":"2022-11-12T07:20:35","modified_gmt":"2022-11-12T07:20:35","slug":"programm","status":"publish","type":"page","link":"https:\/\/notfall-symposium.de\/index.php\/programm\/","title":{"rendered":"Programm"},"content":{"rendered":"<div class=\"fusion-fullwidth fullwidth-box fusion-builder-row-1 nonhundred-percent-fullwidth non-hundred-percent-height-scrolling\" style=\"background-color: #ffffff;background-position: center center;background-repeat: no-repeat;padding-top:0px;padding-right:0px;padding-bottom:0px;padding-left:0px;margin-bottom: 0px;margin-top: 0px;border-width: 0px 0px 0px 0px;border-color:#eae9e9;border-style:solid;\" ><div class=\"fusion-builder-row fusion-row\"><div class=\"fusion-layout-column fusion_builder_column fusion-builder-column-0 fusion_builder_column_2_3 2_3 fusion-two-third fusion-column-first\" style=\"width:66.666666666667%;width:calc(66.666666666667% - ( ( 4% ) * 0.66666666666667 ) );margin-right: 4%;margin-top:0px;margin-bottom:20px;\"><div class=\"fusion-column-wrapper fusion-flex-column-wrapper-legacy\" style=\"background-position:left top;background-repeat:no-repeat;-webkit-background-size:cover;-moz-background-size:cover;-o-background-size:cover;background-size:cover;padding: 0px 0px 0px 0px;\"><style type=\"text\/css\"><\/style><div class=\"fusion-title title fusion-title-1 fusion-sep-none fusion-title-text fusion-title-size-one\" style=\"margin-top:0px;margin-right:0px;margin-bottom:31px;margin-left:0px;\"><h1 class=\"title-heading-left\" style=\"margin:0;\">Das Programm 2022<\/h1><\/div><div class=\"fusion-text fusion-text-1\"><p>Dieser Seite k\u00f6nnen Sie unser Programm (Stand 03. Juli 2022) entnehmen. Wir hoffen, dass Ihnen das Programm 2022 zusagt und wir Sie als Besucher(in) bei uns begr\u00fc\u00dfen d\u00fcrfen!<\/p>\n<p>Wussten Sie, dass unsere Webseite f\u00fcr mobile Ger\u00e4te optimiert ist? Rufen Sie diese Seite w\u00e4hrend der Veranstaltung auf und Sie haben immer den perfekten Einblick in das Programm und eine \u00dcbersicht \u00fcber die Referenten.<\/p>\n<\/div>\n<div class=\"table-1\">\n<table width=\"100%\">\n<thead>\n<tr>\n<th align=\"left\">Nr.<\/th>\n<th align=\"left\">Beginn<\/th>\n<th align=\"left\">Ende<\/th>\n<th align=\"left\">Thema<\/th>\n<th align=\"left\">Referent(en)<\/th>\n<\/tr>\n<\/thead>\n<tbody>\n<tr>\n<td align=\"left\"><\/td>\n<td align=\"left\">09:00<\/td>\n<td align=\"left\">09:15<\/td>\n<td align=\"left\">Er\u00f6ffnung, Gru\u00dfworte<\/td>\n<td align=\"left\">H. Klingler, Prof. Witt<\/td>\n<\/tr>\n<tr>\n<td align=\"left\"><\/td>\n<td align=\"left\"><\/td>\n<td align=\"left\"><\/td>\n<td align=\"left\"><em>Vorsitz: H. Klingler<\/em><\/td>\n<td align=\"left\"><\/td>\n<\/tr>\n<tr>\n<td align=\"left\">1<\/td>\n<td align=\"left\">09:15<\/td>\n<td align=\"left\">09:45<\/td>\n<td align=\"left\">Faktor Mensch<\/td>\n<td align=\"left\">Daniel Marx<\/td>\n<\/tr>\n<tr>\n<td align=\"left\">2<\/td>\n<td align=\"left\">09:45<\/td>\n<td align=\"left\">10:15<\/td>\n<td align=\"left\">Reponieren aber richtig- Wo, wann und wie?<\/td>\n<td align=\"left\">Thomas Henke<\/td>\n<\/tr>\n<tr>\n<td align=\"left\">3<\/td>\n<td align=\"left\">10:15<\/td>\n<td align=\"left\">10:45<\/td>\n<td align=\"left\">Abgestuftes Versorgungskonzept &#8211; Was braucht die Leitstelle<\/td>\n<td align=\"left\">Frank Leenderts<\/td>\n<\/tr>\n<tr>\n<td align=\"left\"><\/td>\n<td align=\"left\"><\/td>\n<td align=\"left\"><\/td>\n<td align=\"left\">Kaffeepause (Besuch der Industrieausstellung)<\/td>\n<td align=\"left\"><\/td>\n<\/tr>\n<tr>\n<td align=\"left\"><\/td>\n<td align=\"left\"><\/td>\n<td align=\"left\"><\/td>\n<td align=\"left\"><em>Vorsitz: J. Gellern<\/em><\/td>\n<td align=\"left\"><\/td>\n<\/tr>\n<tr>\n<td align=\"left\">4<\/td>\n<td align=\"left\">11:15<\/td>\n<td align=\"left\">11:45<\/td>\n<td align=\"left\">Fallbeispiel: Der besondere Kindernotfall<\/td>\n<td align=\"left\">Michael Brackhahn<\/td>\n<\/tr>\n<tr>\n<td align=\"left\">5<\/td>\n<td align=\"left\">11:45<\/td>\n<td align=\"left\">12:15<\/td>\n<td align=\"left\">Fallbeispiel: Das interessante Trauma<\/td>\n<td align=\"left\">Georg Rohe<\/td>\n<\/tr>\n<tr>\n<td align=\"left\">6<\/td>\n<td align=\"left\">12:15<\/td>\n<td align=\"left\">12:45<\/td>\n<td align=\"left\">Fallbeispiel: Alles internistisch?<\/td>\n<td align=\"left\">Sandra Asic<\/td>\n<\/tr>\n<tr>\n<td align=\"left\"><\/td>\n<td align=\"left\"><\/td>\n<td align=\"left\"><\/td>\n<td align=\"left\">Mittagspause (Besuch der Industrieausstellung)<\/td>\n<td align=\"left\"><\/td>\n<\/tr>\n<tr>\n<td align=\"left\"><\/td>\n<td align=\"left\"><\/td>\n<td align=\"left\"><\/td>\n<td align=\"left\"><em>Vorsitz: T. Timphus<\/em><\/td>\n<td align=\"left\"><\/td>\n<\/tr>\n<tr>\n<td align=\"left\">7<\/td>\n<td align=\"left\">14:15<\/td>\n<td align=\"left\">14:45<\/td>\n<td align=\"left\">Wollen reicht nicht &#8211; man muss es auch k\u00f6nnen!<\/td>\n<td align=\"left\">Hans-Martin Grusnick<\/td>\n<\/tr>\n<tr>\n<td align=\"left\">8<\/td>\n<td align=\"left\">14:45<\/td>\n<td align=\"left\">15:15<\/td>\n<td align=\"left\">Atemwegssicherung &#8211; was ist der Ma\u00dfstab?<\/td>\n<td align=\"left\">Christian Byhahn<\/td>\n<\/tr>\n<tr>\n<td align=\"left\"><\/td>\n<td align=\"left\"><\/td>\n<td align=\"left\"><\/td>\n<td align=\"left\">Kaffeepause (Besuch der Industrieausstellung)<\/td>\n<td align=\"left\"><\/td>\n<\/tr>\n<tr>\n<td align=\"left\"><\/td>\n<td align=\"left\"><\/td>\n<td align=\"left\"><\/td>\n<td align=\"left\"><em>Vorsitz: F. Flake<\/em><\/td>\n<td align=\"left\"><\/td>\n<\/tr>\n<tr>\n<td align=\"left\">9<\/td>\n<td align=\"left\">15:45<\/td>\n<td align=\"left\">16:15<\/td>\n<td align=\"left\">Sektoren\u00fcbergreifende Konzepte &#8211; Gemeindenotfallsanit\u00e4ter oder doch 116117?<\/td>\n<td align=\"left\">Insa Seeger &amp; Nils Jacobsen<\/td>\n<\/tr>\n<tr>\n<td align=\"left\">10<\/td>\n<td align=\"left\">16:15<\/td>\n<td align=\"left\">16:45<\/td>\n<td align=\"left\">Tele(notfall)medizin &#8211; wo geht die Reise hin?<\/td>\n<td align=\"left\">Tobias Steffen<\/td>\n<\/tr>\n<tr>\n<td align=\"left\"><\/td>\n<td align=\"left\">16:45<\/td>\n<td align=\"left\">17:00<\/td>\n<td align=\"left\">Schlussworte<\/td>\n<td align=\"left\">H. Klingler, F. Flake<\/td>\n<\/tr>\n<\/tbody>\n<\/table>\n<\/div>\n<div class=\"fusion-clearfix\"><\/div><\/div><\/div><div class=\"fusion-layout-column fusion_builder_column fusion-builder-column-1 fusion_builder_column_1_3 1_3 fusion-one-third fusion-column-last\" style=\"width:33.333333333333%;width:calc(33.333333333333% - ( ( 4% ) * 0.33333333333333 ) );margin-top:0px;margin-bottom:20px;\"><div class=\"fusion-column-wrapper fusion-flex-column-wrapper-legacy\" style=\"background-position:left top;background-repeat:no-repeat;-webkit-background-size:cover;-moz-background-size:cover;-o-background-size:cover;background-size:cover;padding: 0px 0px 0px 0px;\"><style type=\"text\/css\"><\/style><div class=\"fusion-title title fusion-title-2 fusion-sep-none fusion-title-text fusion-title-size-one\" style=\"margin-top:0px;margin-right:0px;margin-bottom:31px;margin-left:0px;\"><h1 class=\"title-heading-left\" style=\"margin:0;\"><p>Sponsoren 2022 &#8211;<\/p>\n<p>wir sagen Danke!<\/p><\/h1><\/div><div class=\"fusion-flip-boxes flip-boxes row fusion-columns-1 flip-effect-classic equal-heights\"><div class=\"fusion-flip-box-wrapper fusion-column col-lg-12 col-md-12 col-sm-12\"><div class=\"fusion-flip-box flip-up\" tabindex=\"0\"><div class=\"flip-box-inner-wrapper\"><div class=\"flip-box-front\" style=\"background-color:#f6f6f6;border-color:rgba(0,0,0,0);border-radius:4px;border-style:solid;border-width:1px;color:#747474;transition-duration:0.4s;\"><div class=\"flip-box-front-inner\"><div class=\"flip-box-grafix flip-box-image\"><img src=\"https:\/\/notfall-symposium.de\/wp-content\/uploads\/2019\/09\/Logo_Messe_2_gross-16-12-09.png\" width=\"200\" height=\"82.8\" alt=\"\" \/><\/div><\/div><\/div><div class=\"flip-box-back\" style=\"background-color:#e3001b;border-color:rgba(0,0,0,0);border-radius:4px;border-style:solid;border-width:1px;color:#ffffff;transition-duration:0.4s;\"><div class=\"flip-box-back-inner\"><h3 class=\"flip-box-heading-back\" style=\"color:#eeeded;\">Herzlich willkommen bei HESTO-MED!<\/h3>\n<div class=\"fusion-aligncenter\"><style>.fusion-body .fusion-button.button-1 .fusion-button-text,.fusion-body .fusion-button.button-1 i{color:#e3001b;}.fusion-body .fusion-button.button-1{border-color:#ffffff;border-radius:2px 2px 2px 2px;background:#ffffff;}.fusion-body .fusion-button.button-1:hover .fusion-button-text,.fusion-body .fusion-button.button-1:hover i,.fusion-body .fusion-button.button-1:focus .fusion-button-text,.fusion-body .fusion-button.button-1:focus i,.fusion-body .fusion-button.button-1:active .fusion-button-text,.fusion-body .fusion-button.button-1:active i{color:#ffffff;}.fusion-body .fusion-button.button-1:hover,.fusion-body .fusion-button.button-1:active,.fusion-body .fusion-button.button-1:focus{border-color:#ffffff;background:#dddddd;}<\/style><a class=\"fusion-button button-flat fusion-button-default-size button-custom button-1 fusion-button-default-span fusion-button-default-type\" target=\"_blank\" rel=\"noopener noreferrer\" href=\"https:\/\/www.hesto-med-nord.de\/\"><span class=\"fusion-button-text\">Besuchen Sie uns!<\/span><\/a><\/div>\n<\/div><\/div><\/div><\/div><\/div><div class=\"fusion-flip-box-wrapper fusion-column col-lg-12 col-md-12 col-sm-12\"><div class=\"fusion-flip-box flip-up\" tabindex=\"0\"><div class=\"flip-box-inner-wrapper\"><div class=\"flip-box-front\" style=\"background-color:#f6f6f6;border-color:rgba(0,0,0,0);border-radius:4px;border-style:solid;border-width:1px;color:#747474;transition-duration:0.4s;\"><div class=\"flip-box-front-inner\"><div class=\"flip-box-grafix flip-box-image\"><img src=\"https:\/\/notfall-symposium.de\/wp-content\/uploads\/2019\/04\/weinmann-logo.png\" width=\"200\" height=\"59.29\" alt=\"\" \/><\/div><\/div><\/div><div class=\"flip-box-back\" style=\"background-color:#e3001b;border-color:rgba(0,0,0,0);border-radius:4px;border-style:solid;border-width:1px;color:#ffffff;transition-duration:0.4s;\"><div class=\"flip-box-back-inner\"><h3 class=\"flip-box-heading-back\" style=\"color:#eeeded;\">Herzlich willkommen bei Weinmann EMT GmbH &amp; Co.KG!<\/h3>\n<div class=\"fusion-aligncenter\"><style>.fusion-body .fusion-button.button-2 .fusion-button-text,.fusion-body .fusion-button.button-2 i{color:#e3001b;}.fusion-body .fusion-button.button-2{border-color:#ffffff;border-radius:2px 2px 2px 2px;background:#ffffff;}.fusion-body .fusion-button.button-2:hover .fusion-button-text,.fusion-body .fusion-button.button-2:hover i,.fusion-body .fusion-button.button-2:focus .fusion-button-text,.fusion-body .fusion-button.button-2:focus i,.fusion-body .fusion-button.button-2:active .fusion-button-text,.fusion-body .fusion-button.button-2:active i{color:#ffffff;}.fusion-body .fusion-button.button-2:hover,.fusion-body .fusion-button.button-2:active,.fusion-body .fusion-button.button-2:focus{border-color:#ffffff;background:#dddddd;}<\/style><a class=\"fusion-button button-flat fusion-button-default-size button-custom button-2 fusion-button-default-span fusion-button-default-type\" target=\"_blank\" rel=\"noopener noreferrer\" href=\"https:\/\/www.weinmann-emergency.de\"><span class=\"fusion-button-text\">Besuchen Sie uns!<\/span><\/a><\/div>\n<\/div><\/div><\/div><\/div><\/div><div class=\"fusion-flip-box-wrapper fusion-column col-lg-12 col-md-12 col-sm-12\"><div class=\"fusion-flip-box flip-up\" tabindex=\"0\"><div class=\"flip-box-inner-wrapper\"><div class=\"flip-box-front\" style=\"background-color:#f6f6f6;border-color:rgba(0,0,0,0);border-radius:4px;border-style:solid;border-width:1px;color:#747474;transition-duration:0.4s;\"><div class=\"flip-box-front-inner\"><div class=\"flip-box-grafix flip-box-image\"><img src=\"https:\/\/notfall-symposium.de\/wp-content\/uploads\/2022\/07\/Zoll_Medical_Blue_RGB.jpg\" width=\"200\" height=\"109.16\" alt=\"\" \/><\/div><\/div><\/div><div class=\"flip-box-back\" style=\"background-color:#e3001b;border-color:rgba(0,0,0,0);border-radius:4px;border-style:solid;border-width:1px;color:#ffffff;transition-duration:0.4s;\"><div class=\"flip-box-back-inner\"><h3 class=\"flip-box-heading-back\" style=\"color:#eeeded;\">Herzlich willkommen bei Zoll Medical Deutschland GmbH! <\/h3>\n<div class=\"fusion-aligncenter\"><style>.fusion-body .fusion-button.button-3 .fusion-button-text,.fusion-body .fusion-button.button-3 i{color:#e3001b;}.fusion-body .fusion-button.button-3{border-color:#ffffff;border-radius:2px 2px 2px 2px;background:#ffffff;}.fusion-body .fusion-button.button-3:hover .fusion-button-text,.fusion-body .fusion-button.button-3:hover i,.fusion-body .fusion-button.button-3:focus .fusion-button-text,.fusion-body .fusion-button.button-3:focus i,.fusion-body .fusion-button.button-3:active .fusion-button-text,.fusion-body .fusion-button.button-3:active i{color:#ffffff;}.fusion-body .fusion-button.button-3:hover,.fusion-body .fusion-button.button-3:active,.fusion-body .fusion-button.button-3:focus{border-color:#ffffff;background:#dddddd;}<\/style><a class=\"fusion-button button-flat fusion-button-default-size button-custom button-3 fusion-button-default-span fusion-button-default-type\" target=\"_blank\" rel=\"noopener noreferrer\" href=\"https:\/\/www.zoll.com\/de\"><span class=\"fusion-button-text\">Besuchen Sie uns!<\/span><\/a><\/div>\n<\/div><\/div><\/div><\/div><\/div><div class=\"fusion-flip-box-wrapper fusion-column col-lg-12 col-md-12 col-sm-12\"><div class=\"fusion-flip-box flip-up\" tabindex=\"0\"><div class=\"flip-box-inner-wrapper\"><div class=\"flip-box-front\" style=\"background-color:#f6f6f6;border-color:rgba(0,0,0,0);border-radius:4px;border-style:solid;border-width:1px;color:#747474;transition-duration:0.4s;\"><div class=\"flip-box-front-inner\"><div class=\"flip-box-grafix flip-box-image\"><img src=\"https:\/\/notfall-symposium.de\/wp-content\/uploads\/2022\/07\/Fleischhacker-Logo.png\" width=\"200\" height=\"100.32\" alt=\"\" \/><\/div><\/div><\/div><div class=\"flip-box-back\" style=\"background-color:#e3001b;border-color:rgba(0,0,0,0);border-radius:4px;border-style:solid;border-width:1px;color:#ffffff;transition-duration:0.4s;\"><div class=\"flip-box-back-inner\"><h3 class=\"flip-box-heading-back\" style=\"color:#eeeded;\">Herzlich willkommen bei Fleischhacker GmbH &amp; Co.KG!<\/h3>\n<div class=\"fusion-aligncenter\"><style>.fusion-body .fusion-button.button-4 .fusion-button-text,.fusion-body .fusion-button.button-4 i{color:#e3001b;}.fusion-body .fusion-button.button-4{border-color:#ffffff;border-radius:2px 2px 2px 2px;background:#ffffff;}.fusion-body .fusion-button.button-4:hover .fusion-button-text,.fusion-body .fusion-button.button-4:hover i,.fusion-body .fusion-button.button-4:focus .fusion-button-text,.fusion-body .fusion-button.button-4:focus i,.fusion-body .fusion-button.button-4:active .fusion-button-text,.fusion-body .fusion-button.button-4:active i{color:#ffffff;}.fusion-body .fusion-button.button-4:hover,.fusion-body .fusion-button.button-4:active,.fusion-body .fusion-button.button-4:focus{border-color:#ffffff;background:#dddddd;}<\/style><a class=\"fusion-button button-flat fusion-button-default-size button-custom button-4 fusion-button-default-span fusion-button-default-type\" target=\"_blank\" rel=\"noopener noreferrer\" href=\"https:\/\/www.fleischhacker.biz\"><span class=\"fusion-button-text\">Besuchen Sie uns!<\/span><\/a><\/div>\n<\/div><\/div><\/div><\/div><\/div><div class=\"fusion-flip-box-wrapper fusion-column col-lg-12 col-md-12 col-sm-12\"><div class=\"fusion-flip-box flip-up\" tabindex=\"0\"><div class=\"flip-box-inner-wrapper\"><div class=\"flip-box-front\" style=\"background-color:#f6f6f6;border-color:rgba(0,0,0,0);border-radius:4px;border-style:solid;border-width:1px;color:#747474;transition-duration:0.4s;\"><div class=\"flip-box-front-inner\"><div class=\"flip-box-grafix flip-box-image\"><img src=\"https:\/\/notfall-symposium.de\/wp-content\/uploads\/2022\/07\/SCHILLER_logo_The-Art-of-Saving-Lives_2018_CMYK-002.png\" width=\"200\" height=\"37.25\" alt=\"\" \/><\/div><\/div><\/div><div class=\"flip-box-back\" style=\"background-color:#e3001b;border-color:rgba(0,0,0,0);border-radius:4px;border-style:solid;border-width:1px;color:#ffffff;transition-duration:0.4s;\"><div class=\"flip-box-back-inner\"><h3 class=\"flip-box-heading-back\" style=\"color:#eeeded;\">Herzlich willkommen bei Schiller Medizintechnik GmbH!<\/h3>\n<div class=\"fusion-aligncenter\"><style>.fusion-body .fusion-button.button-5 .fusion-button-text,.fusion-body .fusion-button.button-5 i{color:#e3001b;}.fusion-body .fusion-button.button-5{border-color:#ffffff;border-radius:2px 2px 2px 2px;background:#ffffff;}.fusion-body .fusion-button.button-5:hover .fusion-button-text,.fusion-body .fusion-button.button-5:hover i,.fusion-body .fusion-button.button-5:focus .fusion-button-text,.fusion-body .fusion-button.button-5:focus i,.fusion-body .fusion-button.button-5:active .fusion-button-text,.fusion-body .fusion-button.button-5:active i{color:#ffffff;}.fusion-body .fusion-button.button-5:hover,.fusion-body .fusion-button.button-5:active,.fusion-body .fusion-button.button-5:focus{border-color:#ffffff;background:#dddddd;}<\/style><a class=\"fusion-button button-flat fusion-button-default-size button-custom button-5 fusion-button-default-span fusion-button-default-type\" target=\"_blank\" rel=\"noopener noreferrer\" href=\"https:\/\/www.schillermed.de\"><span class=\"fusion-button-text\">Besuchen Sie uns!<\/span><\/a><\/div>\n<\/div><\/div><\/div><\/div><\/div><div class=\"fusion-flip-box-wrapper fusion-column col-lg-12 col-md-12 col-sm-12\"><div class=\"fusion-flip-box flip-up\" tabindex=\"0\"><div class=\"flip-box-inner-wrapper\"><div class=\"flip-box-front\" style=\"background-color:#f6f6f6;border-color:rgba(0,0,0,0);border-radius:4px;border-style:solid;border-width:1px;color:#747474;transition-duration:0.4s;\"><div class=\"flip-box-front-inner\"><div class=\"flip-box-grafix flip-box-image\"><img src=\"https:\/\/notfall-symposium.de\/wp-content\/uploads\/2022\/07\/Dahlhausen-Logo.jpeg\" width=\"200\" height=\"68.4\" alt=\"\" \/><\/div><\/div><\/div><div class=\"flip-box-back\" style=\"background-color:#e3001b;border-color:rgba(0,0,0,0);border-radius:4px;border-style:solid;border-width:1px;color:#ffffff;transition-duration:0.4s;\"><div class=\"flip-box-back-inner\"><h3 class=\"flip-box-heading-back\" style=\"color:#eeeded;\">Herzlich willkommen bei P.J. Dahlhausen &amp; Co GmbH!<\/h3>\n<div class=\"fusion-aligncenter\"><style>.fusion-body .fusion-button.button-6 .fusion-button-text,.fusion-body .fusion-button.button-6 i{color:#e3001b;}.fusion-body .fusion-button.button-6{border-color:#ffffff;border-radius:2px 2px 2px 2px;background:#ffffff;}.fusion-body .fusion-button.button-6:hover .fusion-button-text,.fusion-body .fusion-button.button-6:hover i,.fusion-body .fusion-button.button-6:focus .fusion-button-text,.fusion-body .fusion-button.button-6:focus i,.fusion-body .fusion-button.button-6:active .fusion-button-text,.fusion-body .fusion-button.button-6:active i{color:#ffffff;}.fusion-body .fusion-button.button-6:hover,.fusion-body .fusion-button.button-6:active,.fusion-body .fusion-button.button-6:focus{border-color:#ffffff;background:#dddddd;}<\/style><a class=\"fusion-button button-flat fusion-button-default-size button-custom button-6 fusion-button-default-span fusion-button-default-type\" target=\"_blank\" rel=\"noopener noreferrer\" href=\"https:\/\/www.dahlhausen.de\"><span class=\"fusion-button-text\">Besuchen Sie uns!<\/span><\/a><\/div>\n<\/div><\/div><\/div><\/div><\/div><div class=\"fusion-flip-box-wrapper fusion-column col-lg-12 col-md-12 col-sm-12\"><div class=\"fusion-flip-box flip-up\" tabindex=\"0\"><div class=\"flip-box-inner-wrapper\"><div class=\"flip-box-front\" style=\"background-color:#f6f6f6;border-color:rgba(0,0,0,0);border-radius:4px;border-style:solid;border-width:1px;color:#747474;transition-duration:0.4s;\"><div class=\"flip-box-front-inner\"><div class=\"flip-box-grafix flip-box-image\"><img src=\"https:\/\/notfall-symposium.de\/wp-content\/uploads\/2022\/11\/SME-Logo-Redesign-2018-04-CMYK-large-withoutPlayStar.png\" width=\"200\" height=\"40.09\" alt=\"\" \/><\/div><\/div><\/div><div class=\"flip-box-back\" style=\"background-color:#e3001b;border-color:rgba(0,0,0,0);border-radius:4px;border-style:solid;border-width:1px;color:#ffffff;transition-duration:0.4s;\"><div class=\"flip-box-back-inner\"><h3 class=\"flip-box-heading-back\" style=\"color:#eeeded;\">Herzlich willkommen bei der Smedex AG<\/h3>\n<div class=\"fusion-aligncenter\"><style>.fusion-body .fusion-button.button-7 .fusion-button-text,.fusion-body .fusion-button.button-7 i{color:#e3001b;}.fusion-body .fusion-button.button-7{border-color:#ffffff;border-radius:2px 2px 2px 2px;background:#ffffff;}.fusion-body .fusion-button.button-7:hover .fusion-button-text,.fusion-body .fusion-button.button-7:hover i,.fusion-body .fusion-button.button-7:focus .fusion-button-text,.fusion-body .fusion-button.button-7:focus i,.fusion-body .fusion-button.button-7:active .fusion-button-text,.fusion-body .fusion-button.button-7:active i{color:#ffffff;}.fusion-body .fusion-button.button-7:hover,.fusion-body .fusion-button.button-7:active,.fusion-body .fusion-button.button-7:focus{border-color:#ffffff;background:#dddddd;}<\/style><a class=\"fusion-button button-flat fusion-button-default-size button-custom button-7 fusion-button-default-span fusion-button-default-type\" target=\"_blank\" rel=\"noopener noreferrer\" href=\"https:\/\/www.smedex.com\/index.php?sxx_page=smedex.de.start&amp;sxx_country=ch&amp;sxx_language=de\"><span class=\"fusion-button-text\">Besuchen Sie uns!<\/span><\/a><\/div>\n<\/div><\/div><\/div><\/div><\/div><\/div><div class=\"clearfix\"><\/div><div class=\"fusion-clearfix\"><\/div><\/div><\/div><\/div><\/div>\n","protected":false},"excerpt":{"rendered":"","protected":false},"author":1,"featured_media":0,"parent":0,"menu_order":0,"comment_status":"closed","ping_status":"closed","template":"","meta":[],"_links":{"self":[{"href":"https:\/\/notfall-symposium.de\/index.php\/wp-json\/wp\/v2\/pages\/2069"}],"collection":[{"href":"https:\/\/notfall-symposium.de\/index.php\/wp-json\/wp\/v2\/pages"}],"about":[{"href":"https:\/\/notfall-symposium.de\/index.php\/wp-json\/wp\/v2\/types\/page"}],"author":[{"embeddable":true,"href":"https:\/\/notfall-symposium.de\/index.php\/wp-json\/wp\/v2\/users\/1"}],"replies":[{"embeddable":true,"href":"https:\/\/notfall-symposium.de\/index.php\/wp-json\/wp\/v2\/comments?post=2069"}],"version-history":[{"count":25,"href":"https:\/\/notfall-symposium.de\/index.php\/wp-json\/wp\/v2\/pages\/2069\/revisions"}],"predecessor-version":[{"id":2193,"href":"https:\/\/notfall-symposium.de\/index.php\/wp-json\/wp\/v2\/pages\/2069\/revisions\/2193"}],"wp:attachment":[{"href":"https:\/\/notfall-symposium.de\/index.php\/wp-json\/wp\/v2\/media?parent=2069"}],"curies":[{"name":"wp","href":"https:\/\/api.w.org\/{rel}","templated":true}]}}